{"id":24060,"date":"2023-07-21T16:35:31","date_gmt":"2023-07-21T16:35:31","guid":{"rendered":"https:\/\/ancla.solutions\/caliza\/?page_id=24060"},"modified":"2023-08-02T15:33:34","modified_gmt":"2023-08-02T15:33:34","slug":"politicas-de-privacidad","status":"publish","type":"page","link":"https:\/\/ancla.solutions\/caliza\/politicas-de-privacidad\/","title":{"rendered":"Pol\u00edtica de Privacidad"},"content":{"rendered":"\t\t<div data-elementor-type=\"wp-page\" data-elementor-id=\"24060\" class=\"elementor elementor-24060\">\n\t\t\t\t\t\t\t\t\t<section class=\"elementor-section elementor-top-section elementor-element elementor-element-6e8e2cf5 elementor-section-boxed elementor-section-height-default elementor-section-height-default sc_fly_static\" data-id=\"6e8e2cf5\" data-element_type=\"section\">\n\t\t\t\t\t\t<div class=\"elementor-container elementor-column-gap-extended\">\n\t\t\t\t\t<div class=\"elementor-column elementor-col-100 elementor-top-column elementor-element elementor-element-217a69c8 sc_inner_width_none sc_content_align_inherit sc_layouts_column_icons_position_left sc_fly_static\" data-id=\"217a69c8\" data-element_type=\"column\">\n\t\t\t<div class=\"elementor-widget-wrap elementor-element-populated\">\n\t\t\t\t\t\t\t\t<div class=\"elementor-element elementor-element-2e7e71f1 sc_fly_static elementor-widget elementor-widget-text-editor\" data-id=\"2e7e71f1\" data-element_type=\"widget\" data-widget_type=\"text-editor.default\">\n\t\t\t\t<div class=\"elementor-widget-container\">\n\t\t\t\t\t\t\tEn <strong>Caliza Inmobiliaria<\/strong> respetamos su derecho a la privacidad y nos encontramos comprometidos con la protecci\u00f3n de sus datos personales. Todos los procedimientos y operaciones se encuentran adecuados a la <a href=\"https:\/\/cdn.www.gob.pe\/uploads\/document\/file\/272360\/Ley%20N%C2%BA%2029733.pdf.pdf?v=1618338779\" target=\"_blank\" rel=\"noopener\"><strong>Ley 29733<\/strong><\/a>, Ley de Protecci\u00f3n de datos personales, y el Decreto Supremo 003-2013-JUS, Reglamento de la Ley de Protecci\u00f3n de Datos Personales. Por ello, ponemos a su disposici\u00f3n la Pol\u00edtica de Privacidad aplicable al tratamiento de sus datos personales.\n<h5>1. RECOLECCI\u00d3N Y PROCESAMIENTO DE LOS DATOS PERSONALES.<\/h5>\nAl registrar sus datos en nuestra p\u00e1gina web usted consiente en proporcionar por tiempo indefinido a <strong>Caliza Inmobiliaria<\/strong> sus datos personales tales como: nombres, correo electr\u00f3nico, tel\u00e9fonos, entre otra informaci\u00f3n que sea solicitada en nuestras p\u00e1ginas web o que usted proporcione voluntariamente. Asimismo, usted declara que este consentimiento prevalecer\u00e1 sobre cualquier inscripci\u00f3n en el registro &#8220;Gracias\u2026 no insista&#8221; de Indecopi, el que lo reemplace, o cualquier lista de bloqueo para el env\u00edo de comunicaciones. Sin embargo, usted siempre puede revocar su consentimiento o contactarse con nosotros, conforme a la secci\u00f3n 5 de la Pol\u00edtica de Privacidad.\n<h5>2. FINALIDAD<\/h5>\nAl proporcionar sus datos, usted autoriza a <strong>Caliza Inmobiliaria<\/strong> y\/o a las empresas que conforman el mismo grupo inmobiliario para que pueda tratar sus datos personales seg\u00fan las siguientes finalidades: i) enviarle informaci\u00f3n sobre los proyectos, promociones y servicios ofrecidos por <strong>Caliza Inmobiliaria<\/strong> o las empresas pertenecientes al mismo grupo econ\u00f3mico; ii) realizar encuestas y concursos; iii) administrar nuestra lista de clientes; y, iv) atender consultas, sugerencias, reclamos y hacer seguimiento de estos.\n<h5>3. TRATAMIENTO Y TRANSFERENCIA<\/h5>\n<strong>Caliza Inmobiliaria<\/strong> y\/o a las empresas que conforman el mismo grupo inmobiliario tratar\u00e1 sus datos personales seg\u00fan las finalidades indicadas en el punto anterior. Este tratamiento consistir\u00e1 en el registro, almacenamiento, utilizaci\u00f3n, actualizaci\u00f3n o comunicaci\u00f3n de sus datos personales. Estos ser\u00e1n registrados en una base de datos administrada por nosotros. El tratamiento podr\u00e1 ser realizado directamente por <strong>Caliza Inmobiliaria<\/strong> y\/o a trav\u00e9s de las empresas que conforman el mismo grupo inmobiliario y\/o a trav\u00e9s de un tercer agente, designado por <strong>Caliza Inmobiliaria<\/strong>, dentro o fuera del territorio nacional, \u00fanicamente para las finalidades aqu\u00ed detalladas y autorizadas por usted. En cualquier caso, <strong>Caliza Inmobiliaria<\/strong> garantiza la seguridad y confidencialidad del tratamiento de sus datos personales.\n<h5>4. MEDIDAS DE SEGURIDAD<\/h5>\n<strong>Caliza Inmobiliaria<\/strong> y\/o a las empresas que conforman el mismo grupo inmobiliario adoptar\u00e1n todas las medidas t\u00e9cnicas y organizacionales razonables para garantizar la seguridad y confidencialidad de sus datos personales contra el uso indebido, la alteraci\u00f3n, p\u00e9rdida o divulgaci\u00f3n no autorizada.\n<h5>5. CONTACTO Y EJERCICIO DE DERECHOS DE TITULARES DE DATOS PERSONALES<\/h5>\nSi usted tuviera consultas, comentarios, sugerencias y preguntas sobre nuestra Pol\u00edtica de Privacidad o desea ejercer sus derechos como titular de datos personales, por favor escr\u00edbanos al siguiente correo electr\u00f3nico: <a href=\"ventas@calizainmobiliaria.com\">ventas@calizainmobiliaria.com<\/a>\t\t\t\t\t\t<\/div>\n\t\t\t\t<\/div>\n\t\t\t\t<div class=\"elementor-element elementor-element-95844ab elementor-widget-divider--view-line sc_fly_static elementor-widget elementor-widget-divider\" data-id=\"95844ab\" data-element_type=\"widget\" data-widget_type=\"divider.default\">\n\t\t\t\t<div class=\"elementor-widget-container\">\n\t\t\t\t\t<div class=\"elementor-divider\">\n\t\t\t<span class=\"elementor-divider-separator\">\n\t\t\t\t\t\t<\/span>\n\t\t<\/div>\n\t\t\t\t<\/div>\n\t\t\t\t<\/div>\n\t\t\t\t\t<\/div>\n\t\t<\/div>\n\t\t\t\t\t\t\t<\/div>\n\t\t<\/section>\n\t\t\t\t\t\t\t<\/div>\n\t\t","protected":false},"excerpt":{"rendered":"<p>En Caliza Inmobiliaria respetamos su derecho a la privacidad y nos encontramos comprometidos con la protecci\u00f3n de sus datos personales. Todos los procedimientos y operaciones se encuentran adecuados a la&hellip;<\/p>\n","protected":false},"author":1,"featured_media":0,"parent":0,"menu_order":0,"comment_status":"closed","ping_status":"closed","template":"","meta":{"inline_featured_image":false,"footnotes":""},"class_list":["post-24060","page","type-page","status-publish","hentry"],"_links":{"self":[{"href":"https:\/\/ancla.solutions\/caliza\/wp-json\/wp\/v2\/pages\/24060","targetHints":{"allow":["GET"]}}],"collection":[{"href":"https:\/\/ancla.solutions\/caliza\/wp-json\/wp\/v2\/pages"}],"about":[{"href":"https:\/\/ancla.solutions\/caliza\/wp-json\/wp\/v2\/types\/page"}],"author":[{"embeddable":true,"href":"https:\/\/ancla.solutions\/caliza\/wp-json\/wp\/v2\/users\/1"}],"replies":[{"embeddable":true,"href":"https:\/\/ancla.solutions\/caliza\/wp-json\/wp\/v2\/comments?post=24060"}],"version-history":[{"count":20,"href":"https:\/\/ancla.solutions\/caliza\/wp-json\/wp\/v2\/pages\/24060\/revisions"}],"predecessor-version":[{"id":24275,"href":"https:\/\/ancla.solutions\/caliza\/wp-json\/wp\/v2\/pages\/24060\/revisions\/24275"}],"wp:attachment":[{"href":"https:\/\/ancla.solutions\/caliza\/wp-json\/wp\/v2\/media?parent=24060"}],"curies":[{"name":"wp","href":"https:\/\/api.w.org\/{rel}","templated":true}]}}